{"id":1345,"date":"2022-07-26T23:15:53","date_gmt":"2022-07-26T21:15:53","guid":{"rendered":"https:\/\/michal.org.pl\/?page_id=1345"},"modified":"2022-07-26T23:18:18","modified_gmt":"2022-07-26T21:18:18","slug":"rodo","status":"publish","type":"page","link":"https:\/\/michal.org.pl\/index.php\/rodo\/","title":{"rendered":"Klauzula informacyjna rodo"},"content":{"rendered":"\t\t<div data-elementor-type=\"wp-page\" data-elementor-id=\"1345\" class=\"elementor elementor-1345\">\n\t\t\t\t\t\t\t\t\t<section class=\"elementor-section elementor-top-section elementor-element elementor-element-6693d165 elementor-section-boxed elementor-section-height-default elementor-section-height-default\" data-id=\"6693d165\" data-element_type=\"section\">\n\t\t\t\t\t\t<div class=\"elementor-container elementor-column-gap-default\">\n\t\t\t\t\t<div class=\"elementor-column elementor-col-100 elementor-top-column elementor-element elementor-element-48a7841c\" data-id=\"48a7841c\" data-element_type=\"column\">\n\t\t\t<div class=\"elementor-widget-wrap elementor-element-populated\">\n\t\t\t\t\t\t\t\t<div class=\"elementor-element elementor-element-4f55023c elementor-widget elementor-widget-text-editor\" data-id=\"4f55023c\" data-element_type=\"widget\" data-widget_type=\"text-editor.default\">\n\t\t\t\t<div class=\"elementor-widget-container\">\n\t\t\t<style>\/*! elementor - v3.11.2 - 22-02-2023 *\/\n.elementor-widget-text-editor.elementor-drop-cap-view-stacked .elementor-drop-cap{background-color:#818a91;color:#fff}.elementor-widget-text-editor.elementor-drop-cap-view-framed .elementor-drop-cap{color:#818a91;border:3px solid;background-color:transparent}.elementor-widget-text-editor:not(.elementor-drop-cap-view-default) .elementor-drop-cap{margin-top:8px}.elementor-widget-text-editor:not(.elementor-drop-cap-view-default) .elementor-drop-cap-letter{width:1em;height:1em}.elementor-widget-text-editor .elementor-drop-cap{float:left;text-align:center;line-height:1;font-size:50px}.elementor-widget-text-editor .elementor-drop-cap-letter{display:inline-block}<\/style>\t\t\t\t<!-- wp:paragraph -->\n<p>1. Administratorem danych osobowych jest Parafia \u015aw. Micha\u0142a Archanio\u0142a w \u0141odzi.<\/p>\n<!-- \/wp:paragraph -->\n\n<!-- wp:paragraph -->\n<p>2. Przekazane dane osobowe przetwarzane b\u0119d\u0105 w celu realizacji us\u0142ug, obs\u0142ugi zg\u0142osze\u0144 i udzielania odpowiedzi na zg\u0142oszenia;<\/p>\n<!-- \/wp:paragraph -->\n\n<!-- wp:paragraph -->\n<p>3. Kategorie danych osobowych obejmuj\u0105 m.in. imi\u0119 i nazwisko, adres e-mail.<\/p>\n<!-- \/wp:paragraph -->\n\n<!-- wp:paragraph -->\n<p>4. Pa\u0144stwa dane osobowe b\u0119d\u0105 przechowywane przez okres istnienia prawnie uzasadnionego interesu administratora, chyba \u017ce Pani \/ Pan wyrazi sprzeciw wobec przetwarzania danych;<\/p>\n<!-- \/wp:paragraph -->\n\n<!-- wp:paragraph -->\n<p>5. Pa\u0144stwa dane nie b\u0119d\u0105 przekazywane do pa\u0144stwa trzeciego ani organizacji mi\u0119dzynarodowej;<\/p>\n<!-- \/wp:paragraph -->\n\n<!-- wp:paragraph -->\n<p>6. Posiadaj\u0105 Pa\u0144stwo prawo dost\u0119pu do tre\u015bci swoich danych oraz prawo ich sprostowania, usuni\u0119cia, ograniczenia przetwarzania, prawo do przenoszenia danych, prawo wniesienia sprzeciwu, prawo do cofni\u0119cia zgody w dowolnym momencie bez wp\u0142ywu na zgodno\u015b\u0107 z prawem przetwarzania, kt\u00f3rego dokonano na podstawie zgody przed jej cofni\u0119ciem;<\/p>\n<!-- \/wp:paragraph -->\n\n<!-- wp:paragraph -->\n<p>7. Maj\u0105 Pa\u0144stwo prawo wniesienia skargi do organu nadzorczego zajmuj\u0105cego si\u0119 ochron\u0105 danych osobowych, kt\u00f3rym jest Prezes Urz\u0119du Ochrony Danych Osobowych, gdy uznaj\u0105 Pa\u0144stwo, i\u017c przetwarzanie Pa\u0144stwa danych osobowych narusza przepisy ustawy z dnia 10 maja 2018 r. o ochronie danych osobowych (tekst jednolity Dz. U. z 2018 r., poz. 1000) lub przepisy Rozporz\u0105dzenia Parlamentu Europejskiego i Rady (UE) 2016\/679 z dnia 27 kwietnia 2016 r. w sprawie ochrony os\u00f3b fizycznych w zwi\u0105zku z przetwarzaniem danych osobowych i w sprawie swobodnego przep\u0142ywu takich danych oraz uchylenia dyrektywy 95\/46\/WE (og\u00f3lne rozporz\u0105dzenie o ochronie danych) z dnia 27 kwietnia 2016 r. (Dz.Urz.UE.L Nr 119, str. 1);<\/p>\n<!-- \/wp:paragraph -->\n\n<!-- wp:paragraph -->\n<p>8. Dane udost\u0119pnione przez Pani\u0105\/Pana nie b\u0119d\u0105 podlega\u0142y zautomatyzowanemu podejmowaniu decyzji oraz profilowaniu;<\/p>\n<!-- \/wp:paragraph -->\n\n<!-- wp:paragraph -->\n<p>9. Dane pochodz\u0105 od os\u00f3b, kt\u00f3rych dane dotycz\u0105;<\/p>\n<!-- \/wp:paragraph -->\n\n<!-- wp:paragraph -->\n<p>10. Podanie przez Pa\u0144stwa danych osobowych jest dobrowolne;<\/p>\n<!-- \/wp:paragraph -->\t\t\t\t\t\t<\/div>\n\t\t\t\t<\/div>\n\t\t\t\t\t<\/div>\n\t\t<\/div>\n\t\t\t\t\t\t\t<\/div>\n\t\t<\/section>\n\t\t\t\t\t\t\t<\/div>\n\t\t","protected":false},"excerpt":{"rendered":"<p>1. Administratorem danych osobowych jest Parafia \u015aw. Micha\u0142a Archanio\u0142a w \u0141odzi. 2. Przekazane dane osobowe przetwarzane b\u0119d\u0105 w celu realizacji us\u0142ug, obs\u0142ugi zg\u0142osze\u0144 i udzielania odpowiedzi na zg\u0142oszenia; 3. Kategorie danych osobowych obejmuj\u0105 m.in. imi\u0119 i nazwisko, adres e-mail. 4. Pa\u0144stwa dane osobowe b\u0119d\u0105 przechowywane przez okres istnienia prawnie uzasadnionego interesu administratora, chyba \u017ce Pani [&hellip;]<\/p>\n","protected":false},"author":1,"featured_media":0,"parent":0,"menu_order":0,"comment_status":"closed","ping_status":"closed","template":"","meta":{"footnotes":""},"class_list":["post-1345","page","type-page","status-publish","hentry","post"],"_links":{"self":[{"href":"https:\/\/michal.org.pl\/index.php\/wp-json\/wp\/v2\/pages\/1345","targetHints":{"allow":["GET"]}}],"collection":[{"href":"https:\/\/michal.org.pl\/index.php\/wp-json\/wp\/v2\/pages"}],"about":[{"href":"https:\/\/michal.org.pl\/index.php\/wp-json\/wp\/v2\/types\/page"}],"author":[{"embeddable":true,"href":"https:\/\/michal.org.pl\/index.php\/wp-json\/wp\/v2\/users\/1"}],"replies":[{"embeddable":true,"href":"https:\/\/michal.org.pl\/index.php\/wp-json\/wp\/v2\/comments?post=1345"}],"version-history":[{"count":5,"href":"https:\/\/michal.org.pl\/index.php\/wp-json\/wp\/v2\/pages\/1345\/revisions"}],"predecessor-version":[{"id":1355,"href":"https:\/\/michal.org.pl\/index.php\/wp-json\/wp\/v2\/pages\/1345\/revisions\/1355"}],"wp:attachment":[{"href":"https:\/\/michal.org.pl\/index.php\/wp-json\/wp\/v2\/media?parent=1345"}],"curies":[{"name":"wp","href":"https:\/\/api.w.org\/{rel}","templated":true}]}}