{"id":162,"date":"2022-04-01T23:38:57","date_gmt":"2022-04-01T21:38:57","guid":{"rendered":"http:\/\/lodz2.grudnagorna.pl\/?page_id=162"},"modified":"2022-08-11T22:43:29","modified_gmt":"2022-08-11T20:43:29","slug":"start","status":"publish","type":"page","link":"https:\/\/michal.org.pl\/","title":{"rendered":"START"},"content":{"rendered":"<div id=\"pl-gb162-69fb1b36883db\"  class=\"panel-layout wp-block-siteorigin-panels-layout-block\" ><div id=\"pg-gb162-69fb1b36883db-0\"  class=\"panel-grid panel-no-style\" ><div id=\"pgc-gb162-69fb1b36883db-0-0\"  class=\"panel-grid-cell\" ><div id=\"panel-gb162-69fb1b36883db-0-0-0\" class=\"so-panel widget widget_circleicon-widget panel-first-child\" data-index=\"0\" >\t\t<div class=\"circle-icon-box circle-icon-position-top circle-icon-hide-box circle-icon-size-small \">\n\t\t\t\t\t\t\t<div class=\"circle-icon-wrapper\">\n\t\t\t\t\t\t\t\t\t\t<div class=\"circle-icon\" >\n\t\t\t\t\t\t\t\t\t\t\t\t\t<div class=\"fa fa-clock-o\" ><\/div>\n\t\t\t\t\t\t\t\t\t\t\t<\/div> \n\t\t\t\t\t\t\t\t\t<\/div>\n\t\t\t\n\t\t\t\t\t\t\t\t\t\t<h4 >\n\t\t\t\t\tMsze \u015awi\u0119te\t\t\t\t<\/h4>\n\t\t\t\t\t\t\n\t\t\t\t\t\t\t<p class=\"text\" >Sprawd\u017a harmonogram odprawiania Mszy \u015aw. oraz nabo\u017ce\u0144stw w naszym ko\u015bciele<\/p>\n\t\t\t\t\t\t\t\t\t\t<a href=\"https:\/\/michal.org.pl\/index.php\/msze-sw\" class=\"more-button\" >Przejd\u017a dalej <i><\/i><\/a>\n\t\t\t\t\t<\/div>\n\t\t<\/div><div id=\"panel-gb162-69fb1b36883db-0-0-1\" class=\"so-panel widget widget_circleicon-widget panel-last-child\" data-index=\"1\" >\t\t<div class=\"circle-icon-box circle-icon-position-top circle-icon-hide-box circle-icon-size-small \">\n\t\t\t\t\t\t\t<div class=\"circle-icon-wrapper\">\n\t\t\t\t\t\t\t\t\t\t<div class=\"circle-icon\" >\n\t\t\t\t\t\t\t\t\t\t\t\t\t<div class=\"fa fa-image\" ><\/div>\n\t\t\t\t\t\t\t\t\t\t\t<\/div> \n\t\t\t\t\t\t\t\t\t<\/div>\n\t\t\t\n\t\t\t\t\t\t\t\t\t\t<h4 >\n\t\t\t\t\tGaleria\t\t\t\t<\/h4>\n\t\t\t\t\t\t\n\t\t\t\t\t\t\t<p class=\"text\" >Zdj\u0119cia z post\u0119pu prac budowlanych przy naszej \u015bwi\u0105tyni<\/p>\n\t\t\t\t\t\t\t\t\t\t<a href=\"https:\/\/michal.org.pl\/index.php\/galeria\" class=\"more-button\" >Przejd\u017a dalej <i><\/i><\/a>\n\t\t\t\t\t<\/div>\n\t\t<\/div><\/div><div id=\"pgc-gb162-69fb1b36883db-0-1\"  class=\"panel-grid-cell\" ><div id=\"panel-gb162-69fb1b36883db-0-1-0\" class=\"so-panel widget widget_circleicon-widget panel-first-child\" data-index=\"2\" >\t\t<div class=\"circle-icon-box circle-icon-position-top circle-icon-hide-box circle-icon-size-small \">\n\t\t\t\t\t\t\t<div class=\"circle-icon-wrapper\">\n\t\t\t\t\t\t\t\t\t\t<div class=\"circle-icon\" >\n\t\t\t\t\t\t\t\t\t\t\t\t\t<div class=\"fa fa-list\" ><\/div>\n\t\t\t\t\t\t\t\t\t\t\t<\/div> \n\t\t\t\t\t\t\t\t\t<\/div>\n\t\t\t\n\t\t\t\t\t\t\t\t\t\t<h4 >\n\t\t\t\t\tOg\u0142oszenia\t\t\t\t<\/h4>\n\t\t\t\t\t\t\n\t\t\t\t\t\t\t<p class=\"text\" >Najwa\u017cniejsze og\u0142oszenia parafialne na nadchodz\u0105cy tydzie\u0144<\/p>\n\t\t\t\t\t\t\t\t\t\t<a href=\"https:\/\/michal.org.pl\/index.php\/ogloszenia\" class=\"more-button\" >Przejd\u017a dalej <i><\/i><\/a>\n\t\t\t\t\t<\/div>\n\t\t<\/div><div id=\"panel-gb162-69fb1b36883db-0-1-1\" class=\"so-panel widget widget_circleicon-widget panel-last-child\" data-index=\"3\" >\t\t<div class=\"circle-icon-box circle-icon-position-top circle-icon-hide-box circle-icon-size-small \">\n\t\t\t\t\t\t\t<div class=\"circle-icon-wrapper\">\n\t\t\t\t\t\t\t\t\t\t<div class=\"circle-icon\" >\n\t\t\t\t\t\t\t\t\t\t\t\t\t<div class=\"fa fa-book\" ><\/div>\n\t\t\t\t\t\t\t\t\t\t\t<\/div> \n\t\t\t\t\t\t\t\t\t<\/div>\n\t\t\t\n\t\t\t\t\t\t\t\t\t\t<h4 >\n\t\t\t\t\tKancelaria\t\t\t\t<\/h4>\n\t\t\t\t\t\t\n\t\t\t\t\t\t\t<p class=\"text\" >Godziny urz\u0119dowania kancelarii parafialnej<\/p>\n\t\t\t\t\t\t\t\t\t\t<a href=\"https:\/\/michal.org.pl\/index.php\/kancelaria\" class=\"more-button\" >Przejd\u017a dalej <i><\/i><\/a>\n\t\t\t\t\t<\/div>\n\t\t<\/div><\/div><div id=\"pgc-gb162-69fb1b36883db-0-2\"  class=\"panel-grid-cell\" ><div id=\"panel-gb162-69fb1b36883db-0-2-0\" class=\"so-panel widget widget_circleicon-widget panel-first-child\" data-index=\"4\" >\t\t<div class=\"circle-icon-box circle-icon-position-top circle-icon-hide-box circle-icon-size-small \">\n\t\t\t\t\t\t\t<div class=\"circle-icon-wrapper\">\n\t\t\t\t\t\t\t\t\t\t<div class=\"circle-icon\" >\n\t\t\t\t\t\t\t\t\t\t\t\t\t<div class=\"fa fa-bookmark\" ><\/div>\n\t\t\t\t\t\t\t\t\t\t\t<\/div> \n\t\t\t\t\t\t\t\t\t<\/div>\n\t\t\t\n\t\t\t\t\t\t\t\t\t\t<h4 >\n\t\t\t\t\tIntencje\t\t\t\t<\/h4>\n\t\t\t\t\t\t\n\t\t\t\t\t\t\t<p class=\"text\" >Intencje sprawowanych Mszy \u015awi\u0119tych w nadchodz\u0105cym tygodniu<\/p>\n\t\t\t\t\t\t\t\t\t\t<a href=\"https:\/\/michal.org.pl\/index.php\/intencje\" class=\"more-button\" >Przejd\u017a dalej <i><\/i><\/a>\n\t\t\t\t\t<\/div>\n\t\t<\/div><div id=\"panel-gb162-69fb1b36883db-0-2-1\" class=\"so-panel widget widget_circleicon-widget panel-last-child\" data-index=\"5\" >\t\t<div class=\"circle-icon-box circle-icon-position-top circle-icon-hide-box circle-icon-size-small \">\n\t\t\t\t\t\t\t<div class=\"circle-icon-wrapper\">\n\t\t\t\t\t\t\t\t\t\t<div class=\"circle-icon\" >\n\t\t\t\t\t\t\t\t\t\t\t\t\t<div class=\"fa fa-clock-o\" ><\/div>\n\t\t\t\t\t\t\t\t\t\t\t<\/div> \n\t\t\t\t\t\t\t\t\t<\/div>\n\t\t\t\n\t\t\t\t\t\t\t\t\t\t<h4 >\n\t\t\t\t\tIK\u017bR\t\t\t\t<\/h4>\n\t\t\t\t\t\t\n\t\t\t\t\t\t\t<p class=\"text\" >Internetowe Ko\u0142a \u017bywego R\u00f3\u017ca\u0144ca<\/p>\n\t\t\t\t\t\t\t\t\t\t<a href=\"https:\/\/michal.org.pl\/index.php\/internetowe-kolo-zywego-rozanca\" class=\"more-button\" >Przejd\u017a dalej <i><\/i><\/a>\n\t\t\t\t\t<\/div>\n\t\t<\/div><\/div><\/div><\/div>","protected":false},"excerpt":{"rendered":"","protected":false},"author":1,"featured_media":0,"parent":0,"menu_order":0,"comment_status":"closed","ping_status":"closed","template":"","meta":{"footnotes":""},"class_list":["post-162","page","type-page","status-publish","hentry","post"],"_links":{"self":[{"href":"https:\/\/michal.org.pl\/index.php\/wp-json\/wp\/v2\/pages\/162","targetHints":{"allow":["GET"]}}],"collection":[{"href":"https:\/\/michal.org.pl\/index.php\/wp-json\/wp\/v2\/pages"}],"about":[{"href":"https:\/\/michal.org.pl\/index.php\/wp-json\/wp\/v2\/types\/page"}],"author":[{"embeddable":true,"href":"https:\/\/michal.org.pl\/index.php\/wp-json\/wp\/v2\/users\/1"}],"replies":[{"embeddable":true,"href":"https:\/\/michal.org.pl\/index.php\/wp-json\/wp\/v2\/comments?post=162"}],"version-history":[{"count":10,"href":"https:\/\/michal.org.pl\/index.php\/wp-json\/wp\/v2\/pages\/162\/revisions"}],"predecessor-version":[{"id":1607,"href":"https:\/\/michal.org.pl\/index.php\/wp-json\/wp\/v2\/pages\/162\/revisions\/1607"}],"wp:attachment":[{"href":"https:\/\/michal.org.pl\/index.php\/wp-json\/wp\/v2\/media?parent=162"}],"curies":[{"name":"wp","href":"https:\/\/api.w.org\/{rel}","templated":true}]}}