{"id":2300,"date":"2023-05-21T19:46:36","date_gmt":"2023-05-21T17:46:36","guid":{"rendered":"https:\/\/michal.org.pl\/?page_id=2300"},"modified":"2024-02-19T00:19:44","modified_gmt":"2024-02-18T23:19:44","slug":"rok-2023","status":"publish","type":"page","link":"https:\/\/michal.org.pl\/index.php\/rok-2023\/","title":{"rendered":"Rok 2023"},"content":{"rendered":"\t\t<div data-elementor-type=\"wp-page\" data-elementor-id=\"2300\" class=\"elementor elementor-2300\">\n\t\t\t\t\t\t\t\t\t<section class=\"elementor-section elementor-top-section elementor-element elementor-element-7468df9 elementor-section-boxed elementor-section-height-default elementor-section-height-default\" data-id=\"7468df9\" data-element_type=\"section\">\n\t\t\t\t\t\t<div class=\"elementor-container elementor-column-gap-default\">\n\t\t\t\t\t<div class=\"elementor-column elementor-col-100 elementor-top-column elementor-element elementor-element-1936d8f\" data-id=\"1936d8f\" data-element_type=\"column\">\n\t\t\t<div class=\"elementor-widget-wrap elementor-element-populated\">\n\t\t\t\t\t\t\t\t<div class=\"elementor-element elementor-element-c259d56 elementor-widget elementor-widget-html\" data-id=\"c259d56\" data-element_type=\"widget\" data-widget_type=\"html.default\">\n\t\t\t\t<div class=\"elementor-widget-container\">\n\t\t\t<div class=\"galeria\">\r\n    <a href=\"https:\/\/michal.org.pl\/index.php\/bwg_gallery\/montaz-drzwi-glownych\/\">Monta\u017c drzwi g\u0142\u00f3wnych<\/a>\r\n<a href=\"https:\/\/michal.org.pl\/index.php\/bwg_gallery\/wielki-czwartek-2023-2\/\">Wielki Czwartek<\/a>\r\n<a href=\"https:\/\/michal.org.pl\/index.php\/bwg_gallery\/wielki-piatek-2023\/\">Wielki Pi\u0105tek<\/a>\r\n<a href=\"https:\/\/michal.org.pl\/index.php\/bwg_gallery\/wielka-sobota-2023\/\">Wielki Sobota<\/a>\r\n<a href=\"https:\/\/michal.org.pl\/index.php\/bwg_gallery\/niedziela-zmartwychwstania-panskiego-2023\/\">Niedziela Zmartwychwstania Pa\u0144skiego<\/a>\r\n<a href=\"https:\/\/michal.org.pl\/index.php\/bwg_gallery\/bierzmowanie-2023\/\">Bierzmowanie<\/a>\r\n<a href=\"https:\/\/michal.org.pl\/index.php\/bwg_gallery\/boze-cialo-2023\/\">Bo\u017ce Cia\u0142o<\/a>\r\n<a href=\"https:\/\/michal.org.pl\/index.php\/bwg_gallery\/umieszczenie-figury-sw-michala-archaniola-w-oltarzu-glownym\/\">Umieszczenie figury \u015aw. Micha\u0142a Archanio\u0142a w o\u0142tarzu g\u0142\u00f3wnym<\/a>\r\n<a href=\"https:\/\/michal.org.pl\/index.php\/bwg_gallery\/boze-narodzenie-2023\/\">Bo\u017ce Narodzenie<\/a>\r\n<\/div>\t\t<\/div>\n\t\t\t\t<\/div>\n\t\t\t\t\t<\/div>\n\t\t<\/div>\n\t\t\t\t\t\t\t<\/div>\n\t\t<\/section>\n\t\t\t\t\t\t\t<\/div>\n\t\t","protected":false},"excerpt":{"rendered":"<p>Monta\u017c drzwi g\u0142\u00f3wnych Wielki Czwartek Wielki Pi\u0105tek Wielki Sobota Niedziela Zmartwychwstania Pa\u0144skiego Bierzmowanie Bo\u017ce Cia\u0142o Umieszczenie figury \u015aw. Micha\u0142a Archanio\u0142a w o\u0142tarzu g\u0142\u00f3wnym Bo\u017ce Narodzenie<\/p>\n","protected":false},"author":1,"featured_media":0,"parent":0,"menu_order":0,"comment_status":"closed","ping_status":"closed","template":"","meta":{"footnotes":""},"class_list":["post-2300","page","type-page","status-publish","hentry","post"],"_links":{"self":[{"href":"https:\/\/michal.org.pl\/index.php\/wp-json\/wp\/v2\/pages\/2300","targetHints":{"allow":["GET"]}}],"collection":[{"href":"https:\/\/michal.org.pl\/index.php\/wp-json\/wp\/v2\/pages"}],"about":[{"href":"https:\/\/michal.org.pl\/index.php\/wp-json\/wp\/v2\/types\/page"}],"author":[{"embeddable":true,"href":"https:\/\/michal.org.pl\/index.php\/wp-json\/wp\/v2\/users\/1"}],"replies":[{"embeddable":true,"href":"https:\/\/michal.org.pl\/index.php\/wp-json\/wp\/v2\/comments?post=2300"}],"version-history":[{"count":34,"href":"https:\/\/michal.org.pl\/index.php\/wp-json\/wp\/v2\/pages\/2300\/revisions"}],"predecessor-version":[{"id":2896,"href":"https:\/\/michal.org.pl\/index.php\/wp-json\/wp\/v2\/pages\/2300\/revisions\/2896"}],"wp:attachment":[{"href":"https:\/\/michal.org.pl\/index.php\/wp-json\/wp\/v2\/media?parent=2300"}],"curies":[{"name":"wp","href":"https:\/\/api.w.org\/{rel}","templated":true}]}}