{"id":279,"date":"2022-04-02T01:43:41","date_gmt":"2022-04-01T23:43:41","guid":{"rendered":"http:\/\/lodz2.grudnagorna.pl\/?page_id=279"},"modified":"2022-06-20T23:18:17","modified_gmt":"2022-06-20T21:18:17","slug":"rok-2021","status":"publish","type":"page","link":"https:\/\/michal.org.pl\/index.php\/rok-2021\/","title":{"rendered":"Rok 2021"},"content":{"rendered":"\t\t<div data-elementor-type=\"wp-page\" data-elementor-id=\"279\" class=\"elementor elementor-279\">\n\t\t\t\t\t\t\t\t\t<section class=\"elementor-section elementor-top-section elementor-element elementor-element-2400fc06 elementor-section-boxed elementor-section-height-default elementor-section-height-default\" data-id=\"2400fc06\" data-element_type=\"section\">\n\t\t\t\t\t\t<div class=\"elementor-container elementor-column-gap-default\">\n\t\t\t\t\t<div class=\"elementor-column elementor-col-100 elementor-top-column elementor-element elementor-element-770b257d\" data-id=\"770b257d\" data-element_type=\"column\">\n\t\t\t<div class=\"elementor-widget-wrap elementor-element-populated\">\n\t\t\t\t\t\t\t\t<div class=\"elementor-element elementor-element-7540af16 elementor-widget elementor-widget-text-editor\" data-id=\"7540af16\" data-element_type=\"widget\" data-widget_type=\"text-editor.default\">\n\t\t\t\t<div class=\"elementor-widget-container\">\n\t\t\t<style>\/*! elementor - v3.11.2 - 22-02-2023 *\/\n.elementor-widget-text-editor.elementor-drop-cap-view-stacked .elementor-drop-cap{background-color:#818a91;color:#fff}.elementor-widget-text-editor.elementor-drop-cap-view-framed .elementor-drop-cap{color:#818a91;border:3px solid;background-color:transparent}.elementor-widget-text-editor:not(.elementor-drop-cap-view-default) .elementor-drop-cap{margin-top:8px}.elementor-widget-text-editor:not(.elementor-drop-cap-view-default) .elementor-drop-cap-letter{width:1em;height:1em}.elementor-widget-text-editor .elementor-drop-cap{float:left;text-align:center;line-height:1;font-size:50px}.elementor-widget-text-editor .elementor-drop-cap-letter{display:inline-block}<\/style>\t\t\t\t<div class=\"galeria\"><a href=\"\/index.php\/tynkowanie-wnetrz\">Tynkowanie wn\u0119trz<\/a>\n<a href=\"\/index.php\/wielki-czwartek\">Wielki Czwartek<\/a>\n<a href=\"\/index.php\/wielki-piatek\">Wielki Pi\u0105tek<\/a>\n<a href=\"\/index.php\/wielka-sobota\">Wielka Sobota<\/a>\n<a href=\"\/index.php\/wielkanoc\">Wielkanoc<\/a>\n<a href=\"\/index.php\/malowanie-kosciola\">Malowanie ko\u015bcio\u0142a<\/a>\n<a href=\"\/index.php\/boze-cialo\">Bo\u017ce Cia\u0142o<\/a>\n<a href=\"\/index.php\/ogrzewanie-podlogowe\">Ogrzewanie pod\u0142ogowe<\/a>\n<a href=\"\/index.php\/niedziela-anielska\">Niedziela Anielska<\/a>\n<a href=\"\/index.php\/odpust-parafialny\">Odpust parafialny<\/a>\n<a href=\"\/index.php\/wizytacja-kanoniczna\">Wizytacja kanoniczna<\/a>\n<a href=\"\/index.php\/boze-narodzenie-2021\">Bo\u017ce Narodzenie<\/a><\/div>\t\t\t\t\t\t<\/div>\n\t\t\t\t<\/div>\n\t\t\t\t\t<\/div>\n\t\t<\/div>\n\t\t\t\t\t\t\t<\/div>\n\t\t<\/section>\n\t\t\t\t\t\t\t<\/div>\n\t\t","protected":false},"excerpt":{"rendered":"<p>Tynkowanie wn\u0119trz Wielki Czwartek Wielki Pi\u0105tek Wielka Sobota Wielkanoc Malowanie ko\u015bcio\u0142a Bo\u017ce Cia\u0142o Ogrzewanie pod\u0142ogowe Niedziela Anielska Odpust parafialny Wizytacja kanoniczna Bo\u017ce Narodzenie<\/p>\n","protected":false},"author":1,"featured_media":0,"parent":0,"menu_order":0,"comment_status":"closed","ping_status":"closed","template":"","meta":{"footnotes":""},"class_list":["post-279","page","type-page","status-publish","hentry","post"],"_links":{"self":[{"href":"https:\/\/michal.org.pl\/index.php\/wp-json\/wp\/v2\/pages\/279","targetHints":{"allow":["GET"]}}],"collection":[{"href":"https:\/\/michal.org.pl\/index.php\/wp-json\/wp\/v2\/pages"}],"about":[{"href":"https:\/\/michal.org.pl\/index.php\/wp-json\/wp\/v2\/types\/page"}],"author":[{"embeddable":true,"href":"https:\/\/michal.org.pl\/index.php\/wp-json\/wp\/v2\/users\/1"}],"replies":[{"embeddable":true,"href":"https:\/\/michal.org.pl\/index.php\/wp-json\/wp\/v2\/comments?post=279"}],"version-history":[{"count":8,"href":"https:\/\/michal.org.pl\/index.php\/wp-json\/wp\/v2\/pages\/279\/revisions"}],"predecessor-version":[{"id":964,"href":"https:\/\/michal.org.pl\/index.php\/wp-json\/wp\/v2\/pages\/279\/revisions\/964"}],"wp:attachment":[{"href":"https:\/\/michal.org.pl\/index.php\/wp-json\/wp\/v2\/media?parent=279"}],"curies":[{"name":"wp","href":"https:\/\/api.w.org\/{rel}","templated":true}]}}