{"id":336,"date":"2022-04-02T02:39:04","date_gmt":"2022-04-02T00:39:04","guid":{"rendered":"http:\/\/lodz2.grudnagorna.pl\/?page_id=336"},"modified":"2022-04-02T02:39:04","modified_gmt":"2022-04-02T00:39:04","slug":"rok-2020","status":"publish","type":"page","link":"https:\/\/michal.org.pl\/index.php\/rok-2020\/","title":{"rendered":"Rok 2020"},"content":{"rendered":"<div class=\"galeria\">\n<a href=\"\/index.php\/20200106-koledowanie\">Kol\u0119dowanie<\/a><br \/>\n<a href=\"\/index.php\/20200119-spotkanie-oplatkowe-zywej-rozy-i-asysty\">Spotkanie op\u0142atkowe \u017cywej r\u00f3\u017cy i asysty<\/a><br \/>\n<a href=\"\/index.php\/20200126-spotkanie-oplatkowe-ministrantow_i_scholi\">Spotkanie op\u0142atkowe ministrant\u00f3w i scholi<\/a><br \/>\n<a href=\"\/index.php\/20200409-wielki-czwartek\">Wielka Czwartek<\/a><br \/>\n<a href=\"\/index.php\/20200410-wielki-piatek\">Wielki Pi\u0105tek<\/a><br \/>\n<a href=\"\/index.php\/20200411-wielka-sobota\">Wielka Sobota<\/a><br \/>\n<a href=\"\/index.php\/20200412-wielkanoc\">Wielkanoc<\/a><br \/>\n<a href=\"\/index.php\/20200512-przylacze-pradu\">Przy\u0142\u0105cze pr\u0105du<\/a><br \/>\n<a href=\"\/index.php\/20200607-25-lecie-swiecen-kaplanskich-ks-filipa-durlaka\">25-lecie \u015bwi\u0119ce\u0144 kap\u0142a\u0144skich ks. Filipa Durlaka<\/a><br \/>\n<a href=\"\/index.php\/20200608-prace-hydrauliczne\">Prace hydrauliczne<\/a><br \/>\n<a href=\"\/index.php\/20200611-boze-cialo\">Bo\u017ce Cia\u0142o<\/a><br \/>\n<a href=\"\/index.php\/20200613-nabozenstwo-fatimskie\">Nabo\u017ce\u0144stwo Fatimskie<\/a><br \/>\n<a href=\"\/index.php\/20200717-tynkowanie-budynku-parafialnego\">Tynkowanie budynku parafialnego<\/a><br \/>\n<a href=\"\/index.php\/20200913-kolejne-nabozenstwo-fatimskie\">Kolejne Nabo\u017ce\u0144stwo Fatimskie<\/a><br \/>\n<a href=\"\/index.php\/20200921-bierzmowanie\">Bierzmowanie<\/a><br \/>\n<a href=\"\/index.php\/20200927-odpust-parafialny\">Odpust parafialny<\/a><br \/>\n<a href=\"\/index.php\/20201202-pozegnanie-ks-leszka-kaczora\">Po\u017cegnanie ks. Leszka Kaczora<\/a><br \/>\n<a href=\"\/index.php\/20201213-wprowadzenie-ks-filipa-durlaka-na-urzad-proboszcza\">Wprowadzenie ks. Filipa Durlaka na urz\u0105d proboszcza<\/a><br \/>\n<a href=\"\/index.php\/20201224-pasterka\">Pasterka<\/a>\n<\/div>\n","protected":false},"excerpt":{"rendered":"<p>Kol\u0119dowanie Spotkanie op\u0142atkowe \u017cywej r\u00f3\u017cy i asysty Spotkanie op\u0142atkowe ministrant\u00f3w i scholi Wielka Czwartek Wielki Pi\u0105tek Wielka Sobota Wielkanoc Przy\u0142\u0105cze pr\u0105du 25-lecie \u015bwi\u0119ce\u0144 kap\u0142a\u0144skich ks. Filipa Durlaka Prace hydrauliczne Bo\u017ce Cia\u0142o Nabo\u017ce\u0144stwo Fatimskie Tynkowanie budynku parafialnego Kolejne Nabo\u017ce\u0144stwo Fatimskie Bierzmowanie Odpust parafialny Po\u017cegnanie ks. Leszka Kaczora Wprowadzenie ks. Filipa Durlaka na urz\u0105d proboszcza Pasterka<\/p>\n","protected":false},"author":1,"featured_media":0,"parent":0,"menu_order":0,"comment_status":"closed","ping_status":"closed","template":"","meta":{"footnotes":""},"class_list":["post-336","page","type-page","status-publish","hentry","post"],"_links":{"self":[{"href":"https:\/\/michal.org.pl\/index.php\/wp-json\/wp\/v2\/pages\/336","targetHints":{"allow":["GET"]}}],"collection":[{"href":"https:\/\/michal.org.pl\/index.php\/wp-json\/wp\/v2\/pages"}],"about":[{"href":"https:\/\/michal.org.pl\/index.php\/wp-json\/wp\/v2\/types\/page"}],"author":[{"embeddable":true,"href":"https:\/\/michal.org.pl\/index.php\/wp-json\/wp\/v2\/users\/1"}],"replies":[{"embeddable":true,"href":"https:\/\/michal.org.pl\/index.php\/wp-json\/wp\/v2\/comments?post=336"}],"version-history":[{"count":1,"href":"https:\/\/michal.org.pl\/index.php\/wp-json\/wp\/v2\/pages\/336\/revisions"}],"predecessor-version":[{"id":337,"href":"https:\/\/michal.org.pl\/index.php\/wp-json\/wp\/v2\/pages\/336\/revisions\/337"}],"wp:attachment":[{"href":"https:\/\/michal.org.pl\/index.php\/wp-json\/wp\/v2\/media?parent=336"}],"curies":[{"name":"wp","href":"https:\/\/api.w.org\/{rel}","templated":true}]}}