{"id":3903,"date":"2025-07-28T22:59:20","date_gmt":"2025-07-28T20:59:20","guid":{"rendered":"https:\/\/michal.org.pl\/?page_id=3903"},"modified":"2026-02-24T18:14:09","modified_gmt":"2026-02-24T17:14:09","slug":"rok-2025","status":"publish","type":"page","link":"https:\/\/michal.org.pl\/index.php\/rok-2025\/","title":{"rendered":"Rok 2025"},"content":{"rendered":"\t\t<div data-elementor-type=\"wp-page\" data-elementor-id=\"3903\" class=\"elementor elementor-3903\">\n\t\t\t\t\t\t\t\t\t<section class=\"elementor-section elementor-top-section elementor-element elementor-element-7884f84 elementor-section-boxed elementor-section-height-default elementor-section-height-default\" data-id=\"7884f84\" data-element_type=\"section\">\n\t\t\t\t\t\t<div class=\"elementor-container elementor-column-gap-default\">\n\t\t\t\t\t<div class=\"elementor-column elementor-col-100 elementor-top-column elementor-element elementor-element-d18085f\" data-id=\"d18085f\" data-element_type=\"column\">\n\t\t\t<div class=\"elementor-widget-wrap elementor-element-populated\">\n\t\t\t\t\t\t\t\t<div class=\"elementor-element elementor-element-2faf913 elementor-widget elementor-widget-html\" data-id=\"2faf913\" data-element_type=\"widget\" data-widget_type=\"html.default\">\n\t\t\t\t<div class=\"elementor-widget-container\">\n\t\t\t<div class=\"galeria\">\r\n    <a href=\"https:\/\/michal.org.pl\/index.php\/bwg_gallery\/wielki-piatek-2025\/\">Wielki Pi\u0105tek<\/a>\r\n<a href=\"https:\/\/michal.org.pl\/index.php\/bwg_gallery\/wielka-sobota-2025\/\">Wielka Sobota<\/a>\r\n<a href=\"https:\/\/michal.org.pl\/index.php\/bwg_gallery\/niedziela-zmartwychwstania-panskiego-2025\/\">Niedziela Zmartwychwstania Pa\u0144skiego<\/a>\r\n<a href=\"https:\/\/michal.org.pl\/index.php\/bwg_gallery\/bierzmowanie-2025\/\">Bierzmowanie<\/a>\r\n<a href=\"https:\/\/michal.org.pl\/index.php\/bwg_gallery\/boze-cialo-2025\/\">Bo\u017ce Cia\u0142o<\/a>\r\n<a href=\"https:\/\/michal.org.pl\/index.php\/bwg_gallery\/nabozenstwo-fatimskie-2025\/\">Nabo\u017ce\u0144stwo Fatimskie<\/a>\r\n<a href=\"https:\/\/michal.org.pl\/index.php\/bwg_gallery\/pasterka-2025\/\">Pasterka<\/a>\r\n<\/div>\t\t<\/div>\n\t\t\t\t<\/div>\n\t\t\t\t\t<\/div>\n\t\t<\/div>\n\t\t\t\t\t\t\t<\/div>\n\t\t<\/section>\n\t\t\t\t\t\t\t<\/div>\n\t\t","protected":false},"excerpt":{"rendered":"<p>Wielki Pi\u0105tek Wielka Sobota Niedziela Zmartwychwstania Pa\u0144skiego Bierzmowanie Bo\u017ce Cia\u0142o Nabo\u017ce\u0144stwo Fatimskie Pasterka<\/p>\n","protected":false},"author":1,"featured_media":0,"parent":0,"menu_order":0,"comment_status":"closed","ping_status":"closed","template":"","meta":{"footnotes":""},"class_list":["post-3903","page","type-page","status-publish","hentry","post"],"_links":{"self":[{"href":"https:\/\/michal.org.pl\/index.php\/wp-json\/wp\/v2\/pages\/3903","targetHints":{"allow":["GET"]}}],"collection":[{"href":"https:\/\/michal.org.pl\/index.php\/wp-json\/wp\/v2\/pages"}],"about":[{"href":"https:\/\/michal.org.pl\/index.php\/wp-json\/wp\/v2\/types\/page"}],"author":[{"embeddable":true,"href":"https:\/\/michal.org.pl\/index.php\/wp-json\/wp\/v2\/users\/1"}],"replies":[{"embeddable":true,"href":"https:\/\/michal.org.pl\/index.php\/wp-json\/wp\/v2\/comments?post=3903"}],"version-history":[{"count":28,"href":"https:\/\/michal.org.pl\/index.php\/wp-json\/wp\/v2\/pages\/3903\/revisions"}],"predecessor-version":[{"id":4576,"href":"https:\/\/michal.org.pl\/index.php\/wp-json\/wp\/v2\/pages\/3903\/revisions\/4576"}],"wp:attachment":[{"href":"https:\/\/michal.org.pl\/index.php\/wp-json\/wp\/v2\/media?parent=3903"}],"curies":[{"name":"wp","href":"https:\/\/api.w.org\/{rel}","templated":true}]}}