{"id":418,"date":"2022-04-02T03:13:02","date_gmt":"2022-04-02T01:13:02","guid":{"rendered":"http:\/\/lodz2.grudnagorna.pl\/?page_id=418"},"modified":"2022-04-02T03:13:39","modified_gmt":"2022-04-02T01:13:39","slug":"rok-2019","status":"publish","type":"page","link":"https:\/\/michal.org.pl\/index.php\/rok-2019\/","title":{"rendered":"Rok 2019"},"content":{"rendered":"<div class=\"galeria\">\n<a href=\"\/index.php\/20190106-jaselka\">Jase\u0142ka<\/a><br \/>\n<a href=\"\/index.php\/20190106-koledowanie\">Kol\u0119dowanie<\/a><br \/>\n<a href=\"\/index.php\/20190113-koncert-koled\">Koncert kol\u0119d<\/a><br \/>\n<a href=\"\/index.php\/20190113-spotkanie-oplatkowe-zywej-rozy-i-asysty\">Spotkanie op\u0142atkowe \u017cywej r\u00f3\u017cy i asysty<\/a><br \/>\n<a href=\"\/index.php\/20190120-wieczor-uwielbienia\">Wiecz\u00f3r Uwielbienia<\/a><br \/>\n<a href=\"\/index.php\/20190127-spotkanie-oplatkowe-ministrantow_i_scholi\">Spotkanie op\u0142atkowe ministrant\u00f3w i scholi<\/a><br \/>\n<a href=\"\/index.php\/20190407-rekolekcje-wielkopostne\">Rekolekcje wielkopostne<\/a><br \/>\n<a href=\"\/index.php\/20190412-ekstremalna-droga-krzyzowa\">Ekstremalna Droga Krzy\u017cowa<\/a><br \/>\n<a href=\"\/index.php\/20190418-wielki-czwartek\">Wielki Czwartek<\/a><br \/>\n<a href=\"\/index.php\/20190419-wielki-piatek\">Wielki Pi\u0105tek<\/a><br \/>\n<a href=\"\/index.php\/20190420-wielka-sobota\">Wielka Sobota<\/a><br \/>\n<a href=\"\/index.php\/20190421-wielkanoc\">Wielkanoc<\/a><br \/>\n<a href=\"\/index.php\/20190510-tynkowanie\">Tynkowanie<\/a><br \/>\n<a href=\"\/index.php\/20190524-pielgrzymka-do-czernej-zakopanego-i-szczepanowa\">Pielgrzymka do Czernej, Zakopanego i Szczepanowa<\/a><br \/>\n<a href=\"\/index.php\/20190606-bierzmowanie\">Bierzmowanie<\/a><br \/>\n<a href=\"\/index.php\/20190609-rocznica-pierwszej-komunii-sw\">Rocznica Pierwszej Komunii \u015aw.<\/a><br \/>\n<a href=\"\/index.php\/20190616-pierwsza-komunia-sw\">Pierwsza Komunia \u015aw.<\/a><br \/>\n<a href=\"\/index.php\/20190618-zakonczenie-roku-szkolnego\">Zako\u0144czenie roku szkolnego<\/a><br \/>\n<a href=\"\/index.php\/20190620-boze-cialo\">Bo\u017ce Cia\u0142o<\/a><br \/>\n<a href=\"\/index.php\/20190818-tynkowanie-postep-prac\">Tynkowanie &#8211; post\u0119p prac<\/a><br \/>\n<a href=\"\/index.php\/20190903-rozpoczecie-roku-szkolnego\">Rozpocz\u0119cie roku szkolnego<\/a><br \/>\n<a href=\"\/index.php\/20190920-pielgrzymka-do-gietrzwaldu-i-swietej-lipki\">Pielgrzymka do Gietrzwa\u0142du i \u015awi\u0119tej Lipki<\/a><br \/>\n<a href=\"\/index.php\/20190929-odpust-parafialny\">Odpust parafialny<\/a><br \/>\n<a href=\"\/index.php\/20191123-pielgrzymka-do-czestochowy\">Pielgrzymka do Cz\u0119stochowy<\/a><br \/>\n<a href=\"\/index.php\/20191203-docieplenie-polnocnej-sciany\">Docieplenie p\u00f3\u0142nocnej \u015bciany<\/a><br \/>\n<a href=\"\/index.php\/20191209-lodowka-spoleczna\">Lod\u00f3wka spo\u0142eczna<\/a><br \/>\n<a href=\"\/index.php\/20191214-rekolekcje-adwentowe\">Rekolekcje adwentowe<\/a><br \/>\n<a href=\"\/index.php\/20191218-zakonczenie-tynkowania\">Zako\u0144czenie tynkowania<\/a><br \/>\n<a href=\"\/index.php\/20191224-pasterka\">Pasterka<\/a><br \/>\n<a href=\"\/index.php\/20191229-koncert-koled-medley-group\">Koncert kol\u0119d Medley Group<\/a><\/div>\n","protected":false},"excerpt":{"rendered":"<p>Jase\u0142ka Kol\u0119dowanie Koncert kol\u0119d Spotkanie op\u0142atkowe \u017cywej r\u00f3\u017cy i asysty Wiecz\u00f3r Uwielbienia Spotkanie op\u0142atkowe ministrant\u00f3w i scholi Rekolekcje wielkopostne Ekstremalna Droga Krzy\u017cowa Wielki Czwartek Wielki Pi\u0105tek Wielka Sobota Wielkanoc Tynkowanie Pielgrzymka do Czernej, Zakopanego i Szczepanowa Bierzmowanie Rocznica Pierwszej Komunii \u015aw. Pierwsza Komunia \u015aw. Zako\u0144czenie roku szkolnego Bo\u017ce Cia\u0142o Tynkowanie &#8211; post\u0119p prac Rozpocz\u0119cie roku [&hellip;]<\/p>\n","protected":false},"author":1,"featured_media":0,"parent":0,"menu_order":0,"comment_status":"closed","ping_status":"closed","template":"","meta":{"footnotes":""},"class_list":["post-418","page","type-page","status-publish","hentry","post"],"_links":{"self":[{"href":"https:\/\/michal.org.pl\/index.php\/wp-json\/wp\/v2\/pages\/418","targetHints":{"allow":["GET"]}}],"collection":[{"href":"https:\/\/michal.org.pl\/index.php\/wp-json\/wp\/v2\/pages"}],"about":[{"href":"https:\/\/michal.org.pl\/index.php\/wp-json\/wp\/v2\/types\/page"}],"author":[{"embeddable":true,"href":"https:\/\/michal.org.pl\/index.php\/wp-json\/wp\/v2\/users\/1"}],"replies":[{"embeddable":true,"href":"https:\/\/michal.org.pl\/index.php\/wp-json\/wp\/v2\/comments?post=418"}],"version-history":[{"count":2,"href":"https:\/\/michal.org.pl\/index.php\/wp-json\/wp\/v2\/pages\/418\/revisions"}],"predecessor-version":[{"id":420,"href":"https:\/\/michal.org.pl\/index.php\/wp-json\/wp\/v2\/pages\/418\/revisions\/420"}],"wp:attachment":[{"href":"https:\/\/michal.org.pl\/index.php\/wp-json\/wp\/v2\/media?parent=418"}],"curies":[{"name":"wp","href":"https:\/\/api.w.org\/{rel}","templated":true}]}}