{"id":53,"date":"2022-04-01T21:40:45","date_gmt":"2022-04-01T19:40:45","guid":{"rendered":"http:\/\/lodz2.grudnagorna.pl\/?page_id=53"},"modified":"2026-05-02T21:46:42","modified_gmt":"2026-05-02T19:46:42","slug":"ogloszenia","status":"publish","type":"page","link":"https:\/\/michal.org.pl\/index.php\/ogloszenia\/","title":{"rendered":"OG\u0141OSZENIA"},"content":{"rendered":"\t\t<div data-elementor-type=\"wp-page\" data-elementor-id=\"53\" class=\"elementor elementor-53\">\n\t\t\t\t\t\t\t\t\t<section class=\"elementor-section elementor-top-section elementor-element elementor-element-959fa69 elementor-section-boxed elementor-section-height-default elementor-section-height-default\" data-id=\"959fa69\" data-element_type=\"section\">\n\t\t\t\t\t\t<div class=\"elementor-container elementor-column-gap-default\">\n\t\t\t\t\t<div class=\"elementor-column elementor-col-100 elementor-top-column elementor-element elementor-element-5a941a76\" data-id=\"5a941a76\" data-element_type=\"column\">\n\t\t\t<div class=\"elementor-widget-wrap elementor-element-populated\">\n\t\t\t\t\t\t\t\t<div class=\"elementor-element elementor-element-414baf2 elementor-widget elementor-widget-text-editor\" data-id=\"414baf2\" data-element_type=\"widget\" data-widget_type=\"text-editor.default\">\n\t\t\t\t<div class=\"elementor-widget-container\">\n\t\t\t<style>\/*! elementor - v3.11.2 - 22-02-2023 *\/\n.elementor-widget-text-editor.elementor-drop-cap-view-stacked .elementor-drop-cap{background-color:#818a91;color:#fff}.elementor-widget-text-editor.elementor-drop-cap-view-framed .elementor-drop-cap{color:#818a91;border:3px solid;background-color:transparent}.elementor-widget-text-editor:not(.elementor-drop-cap-view-default) .elementor-drop-cap{margin-top:8px}.elementor-widget-text-editor:not(.elementor-drop-cap-view-default) .elementor-drop-cap-letter{width:1em;height:1em}.elementor-widget-text-editor .elementor-drop-cap{float:left;text-align:center;line-height:1;font-size:50px}.elementor-widget-text-editor .elementor-drop-cap-letter{display:inline-block}<\/style>\t\t\t\t<h3 style=\"text-align: center;\"><strong><span class=\"font\"><span class=\"size\">V NIEDZIELA WIELKANOCNA \u2013 03.05.2026 <\/span><\/span>R.<\/strong><\/h3><ol><li>Po raz kolejny gromadzimy si\u0119 na \u015awi\u0119tej Wieczerzy, aby pokrzepia\u0107 si\u0119 s\u0142owem Bo\u017cym i Chlebem eucharystycznym. Umocnieni darami Bo\u017cymi, b\u0119dziemy wkracza\u0107 w wyzwania kolejnego tygodnia i dawa\u0107 \u015bwiadectwo wiary w\u00a0Zmartwychwsta\u0142ego Pana.<\/li><li>We wtorek, jak co miesi\u0105c, zapraszamy na Msz\u0119 \u015bw. i Nabo\u017ce\u0144stwo do \u015bw. Micha\u0142a Archanio\u0142a o godz. 18.00.<\/li><li>W \u015brod\u0119, 6 maja, obchodzimy \u015bwi\u0119to \u015awi\u0119tych Aposto\u0142\u00f3w Filipa i Jakuba, kt\u00f3rzy czerpi\u0105c moc z Chrystusa, udowodnili, \u017ce nawet s\u0142aby cz\u0142owiek jest w stanie po\u015bwi\u0119ci\u0107 si\u0119 g\u0142oszeniu Ewangelii.<\/li><li>W tym dniu imieniny obchodzi ks. Proboszcz. Pami\u0119tajmy o solenizancie w naszej modlitwie, a w niedziel\u0119 10 maja o godz. 12.00 zapraszamy na Msz\u0119 \u015bw. w jego intencji.<\/li><li>W czwartek rozpoczynamy nowenn\u0119 do \u015bw. Andrzeja Boboli, przed jego \u015bwi\u0119tem, w intencji naszej Ojczyzny.<\/li><li>W pi\u0105tek, 8 maja, przypada uroczysto\u015b\u0107 \u015awi\u0119tego Stanis\u0142awa, biskupa i m\u0119czennika, g\u0142\u00f3wnego patrona Polski. B\u0119dziemy prosi\u0107 \u015awi\u0119tego Stanis\u0142awa o wstawiennictwo, aby powo\u0142ania kap\u0142a\u0144skie, budz\u0105ce si\u0119 na polskiej ziemi, by\u0142y naprawd\u0119 godne i \u015bwi\u0119te. Zapraszamy na uroczyst\u0105 Eucharysti\u0119 o godz. 7.00 lub 18.00. Z racji przypadaj\u0105cej uroczysto\u015bci w tym dniu nie obowi\u0105zuje wstrzemi\u0119\u017aliwo\u015b\u0107 od pokarm\u00f3w mi\u0119snych.<\/li><li>Dok\u0142adnie w pi\u0105tek przypada te\u017c 1. rocznica wyboru papie\u017ca Leona XIV. Dzie\u0144 8 maja urasta w tym wyborze do rangi symbolu \u2013 to dzie\u0144 zako\u0144czenia II wojny \u015bwiatowej. M\u00f3dlmy si\u0119 za Piotra naszych czas\u00f3w, papie\u017ca Leona XIV, aby prowadzony \u015bwiat\u0142em Ducha \u015awi\u0119tego, umacnia\u0142 Ko\u015bci\u00f3\u0142 Chrystusowy i skutecznie zabiega\u0142 o pok\u00f3j na \u015bwiecie.<\/li><li>Przypominamy, \u017ce w naszym ko\u015bciele w maju codziennie sprawujemy nabo\u017ce\u0144stwa majowe ku czci Matki Naj\u015bwi\u0119tszej o godz. 17.30. We\u017amy udzia\u0142 w tym modlitewnym uwielbieniu Matki naszego Pana i naszej. W tak wielu sprawach osobistych, rodzinnych i narodowych mo\u017cemy i powinni\u015bmy prosi\u0107 o Jej wstawiennictwo.<\/li><li>Jest organizowana pielgrzymko \u2013 wycieczka do Gietrzwa\u0142du, \u015awi\u0119tej Lipki i Stoczka w dniach 16-18 czerwca. Ch\u0119tnych zapraszamy do zapisu.<\/li><li>Sk\u0142adamy serdeczne B\u00f3g zap\u0142a\u0107 za ofiary z\u0142o\u017cone indywidualnie i na konto parafialne, na figur\u0119 \u015bw. Micha\u0142a Archanio\u0142a, a tak\u017ce na kostk\u0119 i posadzk\u0119 oraz dzisiejsz\u0105 tac\u0119.<\/li><li>Zach\u0119camy do czytania prasy katolickiej, kt\u00f3r\u0105 mo\u017cemy naby\u0107 w zakrystii.<\/li><li>Wszystkim prze\u017cywaj\u0105cym w najbli\u017cszym tygodniu swoje uroczysto\u015bci osobiste b\u0105d\u017a rodzinne, sk\u0142adamy najlepsze \u017cyczenia \u2013 b\u0142ogos\u0142awie\u0144stwa Bo\u017cego.<\/li><li><u>W ostatnim czasie z naszej wsp\u00f3lnoty parafialnej odeszli do Pana:<\/u><p>Bo\u017cenna \u0106wietkowska \u2013 l. 81\u00a0\u00a0\u00a0\u00a0\u00a0\u00a0\u00a0\u00a0\u00a0\u00a0\u00a0\u00a0\u00a0\u00a0\u00a0\u00a0\u00a0\u00a0\u00a0\u00a0\u00a0 Andrzej Klarzak \u2013 l. 72<\/p><p>Krzysztof Krzykalski \u2013 l. 55\u00a0\u00a0\u00a0\u00a0\u00a0\u00a0\u00a0\u00a0\u00a0\u00a0\u00a0\u00a0\u00a0\u00a0\u00a0\u00a0\u00a0\u00a0\u00a0\u00a0\u00a0\u00a0\u00a0\u00a0 Halina Miko\u0142ajewska \u2013 l. 98<\/p>Pro\u015bmy, aby Dobry B\u00f3g uwolni\u0142 ich od wszelkiego z\u0142a i obdarzy\u0142 wiecznym pokojem:<\/li><\/ol>\t\t\t\t\t\t<\/div>\n\t\t\t\t<\/div>\n\t\t\t\t\t<\/div>\n\t\t<\/div>\n\t\t\t\t\t\t\t<\/div>\n\t\t<\/section>\n\t\t\t\t\t\t\t<\/div>\n\t\t","protected":false},"excerpt":{"rendered":"<p>V NIEDZIELA WIELKANOCNA \u2013 03.05.2026 R. Po raz kolejny gromadzimy si\u0119 na \u015awi\u0119tej Wieczerzy, aby pokrzepia\u0107 si\u0119 s\u0142owem Bo\u017cym i Chlebem eucharystycznym. Umocnieni darami Bo\u017cymi, b\u0119dziemy wkracza\u0107 w wyzwania kolejnego tygodnia i dawa\u0107 \u015bwiadectwo wiary w\u00a0Zmartwychwsta\u0142ego Pana. We wtorek, jak co miesi\u0105c, zapraszamy na Msz\u0119 \u015bw. i Nabo\u017ce\u0144stwo do \u015bw. Micha\u0142a Archanio\u0142a o godz. 18.00. [&hellip;]<\/p>\n","protected":false},"author":1,"featured_media":0,"parent":0,"menu_order":0,"comment_status":"closed","ping_status":"closed","template":"","meta":{"footnotes":""},"class_list":["post-53","page","type-page","status-publish","hentry","post"],"_links":{"self":[{"href":"https:\/\/michal.org.pl\/index.php\/wp-json\/wp\/v2\/pages\/53","targetHints":{"allow":["GET"]}}],"collection":[{"href":"https:\/\/michal.org.pl\/index.php\/wp-json\/wp\/v2\/pages"}],"about":[{"href":"https:\/\/michal.org.pl\/index.php\/wp-json\/wp\/v2\/types\/page"}],"author":[{"embeddable":true,"href":"https:\/\/michal.org.pl\/index.php\/wp-json\/wp\/v2\/users\/1"}],"replies":[{"embeddable":true,"href":"https:\/\/michal.org.pl\/index.php\/wp-json\/wp\/v2\/comments?post=53"}],"version-history":[{"count":757,"href":"https:\/\/michal.org.pl\/index.php\/wp-json\/wp\/v2\/pages\/53\/revisions"}],"predecessor-version":[{"id":4647,"href":"https:\/\/michal.org.pl\/index.php\/wp-json\/wp\/v2\/pages\/53\/revisions\/4647"}],"wp:attachment":[{"href":"https:\/\/michal.org.pl\/index.php\/wp-json\/wp\/v2\/media?parent=53"}],"curies":[{"name":"wp","href":"https:\/\/api.w.org\/{rel}","templated":true}]}}