{"id":55,"date":"2022-04-01T21:40:45","date_gmt":"2022-04-01T19:40:45","guid":{"rendered":"http:\/\/lodz2.grudnagorna.pl\/?page_id=55"},"modified":"2026-05-03T20:18:56","modified_gmt":"2026-05-03T18:18:56","slug":"intencje","status":"publish","type":"page","link":"https:\/\/michal.org.pl\/index.php\/intencje\/","title":{"rendered":"INTENCJE"},"content":{"rendered":"\t\t<div data-elementor-type=\"wp-page\" data-elementor-id=\"55\" class=\"elementor elementor-55\">\n\t\t\t\t\t\t\t\t\t<section class=\"elementor-section elementor-top-section elementor-element elementor-element-20282f4a elementor-section-boxed elementor-section-height-default elementor-section-height-default\" data-id=\"20282f4a\" data-element_type=\"section\">\n\t\t\t\t\t\t<div class=\"elementor-container elementor-column-gap-default\">\n\t\t\t\t\t<div class=\"elementor-column elementor-col-100 elementor-top-column elementor-element elementor-element-3413935e\" data-id=\"3413935e\" data-element_type=\"column\">\n\t\t\t<div class=\"elementor-widget-wrap elementor-element-populated\">\n\t\t\t\t\t\t\t\t<div class=\"elementor-element elementor-element-c1c7d04 elementor-widget elementor-widget-text-editor\" data-id=\"c1c7d04\" data-element_type=\"widget\" data-widget_type=\"text-editor.default\">\n\t\t\t\t<div class=\"elementor-widget-container\">\n\t\t\t<style>\/*! elementor - v3.11.2 - 22-02-2023 *\/\n.elementor-widget-text-editor.elementor-drop-cap-view-stacked .elementor-drop-cap{background-color:#818a91;color:#fff}.elementor-widget-text-editor.elementor-drop-cap-view-framed .elementor-drop-cap{color:#818a91;border:3px solid;background-color:transparent}.elementor-widget-text-editor:not(.elementor-drop-cap-view-default) .elementor-drop-cap{margin-top:8px}.elementor-widget-text-editor:not(.elementor-drop-cap-view-default) .elementor-drop-cap-letter{width:1em;height:1em}.elementor-widget-text-editor .elementor-drop-cap{float:left;text-align:center;line-height:1;font-size:50px}.elementor-widget-text-editor .elementor-drop-cap-letter{display:inline-block}<\/style>\t\t\t\t<div class=\"intencje\"><table style=\"height: 690px;\" width=\"638\"><tbody><tr><th colspan=\"2\"><b><span class=\"font\"><span class=\"size\"><strong>04.05.2026\u00a0 \u00a0 \u00a0 Poniedzia\u0142ek <em>\u2013 dzie\u0144 powszedni<\/em>.\u00a0<\/strong><\/span><\/span><\/b><i><span class=\"font\"><span class=\"size\"><br \/><\/span><\/span><\/i><\/th><\/tr><tr><td class=\"hour\">7:00<\/td><td>+ Rozali\u0119 <strong>Sumi\u0144sk\u0105<\/strong> \u2013 gregorianka \u2013 29.<\/td><\/tr><tr><td class=\"hour\">17:30<\/td><td><strong><em><u>Nabo\u017ce\u0144stwo majowe.<\/u><\/em><\/strong><\/td><\/tr><tr><td class=\"hour\">18:00<\/td><td><p>+ Janin\u0119 <strong>B\u0105ka\u0142a<\/strong> \u2013 gregorianka \u2013 4.<\/p><p>W intencji <strong>Mai<\/strong>, z okazji 26 rocznicy urodzin, o zdrowie, Bo\u017ce b\u0142ogos\u0142awie\u0144stwo i opiek\u0119 Matki Bo\u017cej.<\/p><\/td><\/tr><tr><th colspan=\"2\"><b><span class=\"font\"><span class=\"size\"><strong>05.05.2026\u00a0 \u00a0 \u00a0 Wtorek <em>\u2013 dzie\u0144 powszedni<\/em>.<\/strong><\/span><\/span><\/b><i><span class=\"font\"><span class=\"size\"><br \/><\/span><\/span><\/i><\/th><\/tr><tr><td class=\"hour\">7:00<\/td><td>+ Stanis\u0142awa, Stanis\u0142aw\u0119, Zbigniewa <strong>Wielog\u00f3rskich<\/strong>.<\/td><\/tr><tr><td class=\"hour\">17:30<\/td><td><strong><em><u>Nabo\u017ce\u0144stwo majowe.<\/u><\/em><\/strong><\/td><\/tr><tr><td class=\"hour\">18:00<\/td><td><p>+ Janin\u0119 <strong>B\u0105ka\u0142a<\/strong> \u2013 gregorianka \u2013 5.<\/p><p>+ Rozali\u0119 <strong>Sumi\u0144sk\u0105<\/strong> \u2013 gregorianka \u2013 30 \u2013 ostatnia.<\/p><\/td><\/tr><tr><th colspan=\"2\"><b><span class=\"font\"><span class=\"size\"><strong>06.05.2026\u00a0 \u00a0 \u00a0 \u015arod<em>a \u2013 \u015bwi\u0119to \u015bw. Filipa i Jakuba.<\/em><\/strong><\/span><\/span><\/b><\/th><\/tr><tr><td class=\"hour\">7:00<\/td><td><p>+ Janin\u0119 <strong>B\u0105ka\u0142a<\/strong> \u2013 gregorianka \u2013 6.<\/p><p>W intencji <strong>ks. Proboszcza<\/strong>, z okazji imienin \u2013 <em>od parafianki<\/em>.<\/p><\/td><\/tr><tr><td class=\"hour\">17:30<\/td><td><strong><em><u>Nowenna do Matki Bo\u017cej Nieustaj\u0105cej Pomocy i Nabo\u017ce\u0144stwo majowe.<\/u><\/em><\/strong><\/td><\/tr><tr><td class=\"hour\">18:00<\/td><td>\u00a0<\/td><\/tr><tr><th colspan=\"2\"><b><span class=\"font\"><span class=\"size\"><strong>07.05.2026\u00a0 \u00a0 \u00a0 Czwartek <em>\u2013 dzie\u0144 powszedni.<\/em><\/strong><\/span><\/span><\/b><span class=\"font\"><span class=\"size\"><em><br \/><\/em><\/span><\/span><\/th><\/tr><tr><td class=\"hour\">7:00<\/td><td>+ Helen\u0119, Stanis\u0142awa <strong>Sienkiewicz<\/strong>.<\/td><\/tr><tr><td class=\"hour\">17:30<\/td><td><strong><em><u>Nabo\u017ce\u0144stwo majowe.<\/u><\/em><\/strong><\/td><\/tr><tr><td class=\"hour\">18:00<\/td><td>+ Janin\u0119 <strong>B\u0105ka\u0142a<\/strong> \u2013 gregorianka \u2013 7.<\/td><\/tr><tr><th colspan=\"2\"><b><span class=\"font\"><span class=\"size\"><strong>08.05.2026\u00a0 \u00a0 \u00a0 Pi\u0105tek <em>\u2013 uroczysto\u015b\u0107 \u015bw. Stanis\u0142awa.<\/em><\/strong><\/span><\/span><\/b><span class=\"font\"><span class=\"size\"><i><br \/><\/i><\/span><\/span><\/th><\/tr><tr><td class=\"hour\">7:00<\/td><td>W intencji <strong>Stanis\u0142awa<\/strong>,\u00a0 z okazji imienin \u2013 <em>od przyjaci\u00f3\u0142<\/em>.<\/td><\/tr><tr><td class=\"hour\">17:30<\/td><td><strong><em><u>Nabo\u017ce\u0144stwo majowe.<\/u><\/em><\/strong><\/td><\/tr><tr><td class=\"hour\">18:00<\/td><td>+ Janin\u0119 <strong>B\u0105ka\u0142a<\/strong> \u2013 gregorianka \u2013 8.<\/td><\/tr><tr><th colspan=\"2\"><b><span class=\"font\"><span class=\"size\"><strong>09.05.2026\u00a0 \u00a0 \u00a0 Sobota <em>\u2013 dzie\u0144 powszedni.<\/em><\/strong><\/span><\/span><\/b><i><span class=\"font\"><span class=\"size\"><br \/><\/span><\/span><\/i><\/th><\/tr><tr><td class=\"hour\">7:00<\/td><td>W intencji os\u00f3b dbaj\u0105cych o czysto\u015b\u0107 i wystr\u00f3j naszej \u015bwi\u0105tyni.<\/td><\/tr><tr><td class=\"hour\">17:30<\/td><td><strong><em><u>Nabo\u017ce\u0144stwo majowe.<\/u><\/em><\/strong><\/td><\/tr><tr><td class=\"hour\">18.00<\/td><td>+ Janin\u0119 <strong>B\u0105ka\u0142a<\/strong> \u2013 gregorianka \u2013 9.<\/td><\/tr><tr><th colspan=\"2\"><strong>10.05.2026\u00a0 \u00a0 \u00a0 VI NIEDZIELA WIELKANOCY<\/strong><\/th><\/tr><tr><td class=\"hour\">7:00<\/td><td>W intencji cz\u0142onk\u00f3w <strong>\u017bywego R\u00f3\u017ca\u0144ca<\/strong>, <strong>Asysty Parafialnej <\/strong>i <strong>Wieczernika<\/strong> \u2013 \u017cywych i zmar\u0142ych.<\/td><\/tr><tr><td class=\"hour\">9:00<\/td><td>+ Stanis\u0142aw\u0119, Stanis\u0142awa, Janin\u0119 <strong>W\u0119\u017cykowskich<\/strong>.<\/td><\/tr><tr><td class=\"hour\">10:30<\/td><td>W intencji Parafian i Ofiarodawc\u00f3w.<\/td><\/tr><tr><td class=\"hour\">12:00<\/td><td>W intencji <strong>ks. Proboszcza<\/strong>, z okazji imienin \u2013 <em>od wsp\u00f3lnot<\/em>.<\/td><\/tr><tr><td class=\"hour\">17:30<\/td><td><strong><em><u>Nabo\u017ce\u0144stwo majowe.<\/u><\/em><\/strong><\/td><\/tr><tr><td class=\"hour\">18:00<\/td><td>+ Janin\u0119 <strong>B\u0105ka\u0142a<\/strong> \u2013 gregorianka \u2013 10.<\/td><\/tr><\/tbody><\/table><p>\u00a0<\/p><\/div>\t\t\t\t\t\t<\/div>\n\t\t\t\t<\/div>\n\t\t\t\t\t<\/div>\n\t\t<\/div>\n\t\t\t\t\t\t\t<\/div>\n\t\t<\/section>\n\t\t\t\t\t\t\t<\/div>\n\t\t","protected":false},"excerpt":{"rendered":"<p>04.05.2026\u00a0 \u00a0 \u00a0 Poniedzia\u0142ek \u2013 dzie\u0144 powszedni.\u00a0 7:00 + Rozali\u0119 Sumi\u0144sk\u0105 \u2013 gregorianka \u2013 29. 17:30 Nabo\u017ce\u0144stwo majowe. 18:00 + Janin\u0119 B\u0105ka\u0142a \u2013 gregorianka \u2013 4. W intencji Mai, z okazji 26 rocznicy urodzin, o zdrowie, Bo\u017ce b\u0142ogos\u0142awie\u0144stwo i opiek\u0119 Matki Bo\u017cej. 05.05.2026\u00a0 \u00a0 \u00a0 Wtorek \u2013 dzie\u0144 powszedni. 7:00 + Stanis\u0142awa, Stanis\u0142aw\u0119, Zbigniewa Wielog\u00f3rskich. [&hellip;]<\/p>\n","protected":false},"author":1,"featured_media":0,"parent":0,"menu_order":0,"comment_status":"closed","ping_status":"closed","template":"","meta":{"footnotes":""},"class_list":["post-55","page","type-page","status-publish","hentry","post"],"_links":{"self":[{"href":"https:\/\/michal.org.pl\/index.php\/wp-json\/wp\/v2\/pages\/55","targetHints":{"allow":["GET"]}}],"collection":[{"href":"https:\/\/michal.org.pl\/index.php\/wp-json\/wp\/v2\/pages"}],"about":[{"href":"https:\/\/michal.org.pl\/index.php\/wp-json\/wp\/v2\/types\/page"}],"author":[{"embeddable":true,"href":"https:\/\/michal.org.pl\/index.php\/wp-json\/wp\/v2\/users\/1"}],"replies":[{"embeddable":true,"href":"https:\/\/michal.org.pl\/index.php\/wp-json\/wp\/v2\/comments?post=55"}],"version-history":[{"count":740,"href":"https:\/\/michal.org.pl\/index.php\/wp-json\/wp\/v2\/pages\/55\/revisions"}],"predecessor-version":[{"id":4651,"href":"https:\/\/michal.org.pl\/index.php\/wp-json\/wp\/v2\/pages\/55\/revisions\/4651"}],"wp:attachment":[{"href":"https:\/\/michal.org.pl\/index.php\/wp-json\/wp\/v2\/media?parent=55"}],"curies":[{"name":"wp","href":"https:\/\/api.w.org\/{rel}","templated":true}]}}