{"id":568,"date":"2022-04-02T15:14:49","date_gmt":"2022-04-02T13:14:49","guid":{"rendered":"http:\/\/lodz2.grudnagorna.pl\/?page_id=568"},"modified":"2022-04-02T15:30:46","modified_gmt":"2022-04-02T13:30:46","slug":"rok-2018","status":"publish","type":"page","link":"https:\/\/michal.org.pl\/index.php\/rok-2018\/","title":{"rendered":"Rok 2018"},"content":{"rendered":"<div class=\"galeria\">\n<a href=\"\/index.php\/20180106-koledowanie\">Kol\u0119dowanie<\/a><br \/>\n<a href=\"\/index.php\/20180114-spotkanie-oplatkowe-zywej-rozy-i-asysty\">Spotkanie op\u0142atkowe \u017cywej r\u00f3\u017cy i asysty<\/a><br \/>\n<a href=\"\/index.php\/20180128-spotkanie-oplatkowe-ministrantow_i_scholi\">Spotkanie op\u0142atkowe ministrant\u00f3w i scholi<\/a><br \/>\n<a href=\"\/index.php\/20180316-wielkopostny-dzien-skupienia\">Wielkopostny dzie\u0144 skupienia<\/a><br \/>\n<a href=\"\/index.php\/20180323-ekstremalna-droga-krzyzowa\">Ekstremalna Droga Krzy\u017cowa<\/a><br \/>\n<a href=\"\/index.php\/20180329-wielki-czwartek\">Wielki Czwartek<\/a><br \/>\n<a href=\"\/index.php\/20180330-wielki-piatek\">Wielki Pi\u0105tek<\/a><br \/>\n<a href=\"\/index.php\/20180331-wielka-sobota\">Wielka Sobota<\/a><br \/>\n<a href=\"\/index.php\/20180401-wielkanoc\">Wielkanoc<\/a><br \/>\n<a href=\"\/index.php\/20180414-misje-milosierdzia\">Misje mi\u0142osierdzia<\/a><br \/>\n<a href=\"\/index.php\/20180416-montaz-paneli-slonecznych\">Monta\u017c paneli s\u0142onecznych<\/a><br \/>\n<a href=\"\/index.php\/20180515-bierzmowanie\">Bierzmowanie<\/a><br \/>\n<a href=\"\/index.php\/20180520-rocznica-pierwszej-komunii-sw\">Rocznica Pierwszej Komunii \u015aw.<\/a><br \/>\n<a href=\"\/index.php\/20180527-pierwsza-komunia-sw\">Pierwsza Komunia \u015aw.<\/a><br \/>\n<a href=\"\/index.php\/20180531-boze-cialo\">Bo\u017ce Cia\u0142o<\/a><br \/>\n<a href=\"\/index.php\/20180621-zakonczenie-roku-szkolnego\">Zako\u0144czenie roku szkolnego<\/a><br \/>\n<a href=\"\/index.php\/20180625-kolonie-w-barcicach\">Kolonie w Barcicach<\/a><br \/>\n<a href=\"\/index.php\/20180904-rozpoczecie-roku-szkolnego\">Rozpocz\u0119cie roku szkolnego<\/a><br \/>\n<a href=\"\/index.php\/20180923-festyn-parafialny\">Festyn parafialny<\/a><br \/>\n<a href=\"\/index.php\/20180930-odpust-parafialny\">Odpust parafialny<\/a><br \/>\n<a href=\"\/index.php\/20181010-instalacja-elektryczna\">Instalacja elektryczna<\/a><br \/>\n<a href=\"\/index.php\/20181020-pielgrzymka-do-niepokalanowa-i-warszawy\">Pielgrzymka do Niepokalanowa i Warszawy<\/a><br \/>\n<a href=\"\/index.php\/20181124-pielgrzymka-do-czestochowy-i-gidli\">Pielgrzymka do Cz\u0119stochowy i Gidli<\/a><br \/>\n<a href=\"\/index.php\/20181218-okno-z-drzwiami\">Okno z drzwiami<\/a><br \/>\n<a href=\"\/index.php\/20181224-pasterka\">Pasterka<\/a><\/div>\n","protected":false},"excerpt":{"rendered":"<p>Kol\u0119dowanie Spotkanie op\u0142atkowe \u017cywej r\u00f3\u017cy i asysty Spotkanie op\u0142atkowe ministrant\u00f3w i scholi Wielkopostny dzie\u0144 skupienia Ekstremalna Droga Krzy\u017cowa Wielki Czwartek Wielki Pi\u0105tek Wielka Sobota Wielkanoc Misje mi\u0142osierdzia Monta\u017c paneli s\u0142onecznych Bierzmowanie Rocznica Pierwszej Komunii \u015aw. Pierwsza Komunia \u015aw. Bo\u017ce Cia\u0142o Zako\u0144czenie roku szkolnego Kolonie w Barcicach Rozpocz\u0119cie roku szkolnego Festyn parafialny Odpust parafialny Instalacja elektryczna [&hellip;]<\/p>\n","protected":false},"author":1,"featured_media":0,"parent":0,"menu_order":0,"comment_status":"closed","ping_status":"closed","template":"","meta":{"footnotes":""},"class_list":["post-568","page","type-page","status-publish","hentry","post"],"_links":{"self":[{"href":"https:\/\/michal.org.pl\/index.php\/wp-json\/wp\/v2\/pages\/568","targetHints":{"allow":["GET"]}}],"collection":[{"href":"https:\/\/michal.org.pl\/index.php\/wp-json\/wp\/v2\/pages"}],"about":[{"href":"https:\/\/michal.org.pl\/index.php\/wp-json\/wp\/v2\/types\/page"}],"author":[{"embeddable":true,"href":"https:\/\/michal.org.pl\/index.php\/wp-json\/wp\/v2\/users\/1"}],"replies":[{"embeddable":true,"href":"https:\/\/michal.org.pl\/index.php\/wp-json\/wp\/v2\/comments?post=568"}],"version-history":[{"count":2,"href":"https:\/\/michal.org.pl\/index.php\/wp-json\/wp\/v2\/pages\/568\/revisions"}],"predecessor-version":[{"id":651,"href":"https:\/\/michal.org.pl\/index.php\/wp-json\/wp\/v2\/pages\/568\/revisions\/651"}],"wp:attachment":[{"href":"https:\/\/michal.org.pl\/index.php\/wp-json\/wp\/v2\/media?parent=568"}],"curies":[{"name":"wp","href":"https:\/\/api.w.org\/{rel}","templated":true}]}}