{"id":65,"date":"2022-04-01T21:41:21","date_gmt":"2022-04-01T19:41:21","guid":{"rendered":"http:\/\/lodz2.grudnagorna.pl\/?page_id=65"},"modified":"2022-04-02T01:05:05","modified_gmt":"2022-04-01T23:05:05","slug":"o-parafii","status":"publish","type":"page","link":"https:\/\/michal.org.pl\/index.php\/o-parafii\/","title":{"rendered":"O PARAFII"},"content":{"rendered":"<div class=\"parafia\">\n<strong>Data erygowania:<\/strong> 1 X 1989 r. (bp W\u0142adys\u0142aw Zi\u00f3\u0142ek)<\/p>\n<p><strong>Historia budowy ko\u015bcio\u0142a i jego architektura:<\/strong> Kaplica murowana, wybudowana w 1991 r. Po\u015bwi\u0119cona 12 listopada 1994 r. przez abpa W\u0142adys\u0142awa Zi\u00f3\u0142ka. Rozpocz\u0119cie budowy ko\u015bcio\u0142a parafialnego 2000\/2001 r. Ko\u015bci\u00f3\u0142 jednonawowy z obej\u015bciem i transeptem. Wzd\u0142u\u017c obej\u015bcia zaprojektowano wn\u0119ki na o\u0142tarze boczne oraz nisze na konfesjona\u0142y. Zachodnia \u015bciana transeptu \u0142\u0105czy ko\u015bci\u00f3\u0142 z pozosta\u0142ymi funkcjami domu parafialnego. Ca\u0142o\u015b\u0107 zespo\u0142u zaprojektowano jako jednorodn\u0105 kompozycj\u0119 prostych bry\u0142 z dominant\u0105 dachu nawy ko\u015bcio\u0142a.<\/p>\n<p><strong>Ulice nale\u017c\u0105ce do parafii:<\/strong> Franciszka\u0144ska \u2013 nr 126\u2013170 i 133\u2013187, Inflancka \u2013 5\u201331, Kowalska \u2013 4\u201310, \u0141agiewnicka \u2013 65\u2013105 i 102\/116\u2013122, Malarska, Marysi\u0144ska \u2013 90\u2013104, M\u0142ynarska, Okopowa \u2013 3\u20137 i 16\u201340a, Rysownicza, Sukiennicza, Szewska, Szklarska<\/p>\n<\/div>\n","protected":false},"excerpt":{"rendered":"<p>Data erygowania: 1 X 1989 r. (bp W\u0142adys\u0142aw Zi\u00f3\u0142ek) Historia budowy ko\u015bcio\u0142a i jego architektura: Kaplica murowana, wybudowana w 1991 r. Po\u015bwi\u0119cona 12 listopada 1994 r. przez abpa W\u0142adys\u0142awa Zi\u00f3\u0142ka. Rozpocz\u0119cie budowy ko\u015bcio\u0142a parafialnego 2000\/2001 r. Ko\u015bci\u00f3\u0142 jednonawowy z obej\u015bciem i transeptem. Wzd\u0142u\u017c obej\u015bcia zaprojektowano wn\u0119ki na o\u0142tarze boczne oraz nisze na konfesjona\u0142y. Zachodnia \u015bciana [&hellip;]<\/p>\n","protected":false},"author":1,"featured_media":0,"parent":0,"menu_order":0,"comment_status":"closed","ping_status":"closed","template":"","meta":{"footnotes":""},"class_list":["post-65","page","type-page","status-publish","hentry","post"],"_links":{"self":[{"href":"https:\/\/michal.org.pl\/index.php\/wp-json\/wp\/v2\/pages\/65","targetHints":{"allow":["GET"]}}],"collection":[{"href":"https:\/\/michal.org.pl\/index.php\/wp-json\/wp\/v2\/pages"}],"about":[{"href":"https:\/\/michal.org.pl\/index.php\/wp-json\/wp\/v2\/types\/page"}],"author":[{"embeddable":true,"href":"https:\/\/michal.org.pl\/index.php\/wp-json\/wp\/v2\/users\/1"}],"replies":[{"embeddable":true,"href":"https:\/\/michal.org.pl\/index.php\/wp-json\/wp\/v2\/comments?post=65"}],"version-history":[{"count":2,"href":"https:\/\/michal.org.pl\/index.php\/wp-json\/wp\/v2\/pages\/65\/revisions"}],"predecessor-version":[{"id":253,"href":"https:\/\/michal.org.pl\/index.php\/wp-json\/wp\/v2\/pages\/65\/revisions\/253"}],"wp:attachment":[{"href":"https:\/\/michal.org.pl\/index.php\/wp-json\/wp\/v2\/media?parent=65"}],"curies":[{"name":"wp","href":"https:\/\/api.w.org\/{rel}","templated":true}]}}