{"id":681,"date":"2022-04-02T15:54:08","date_gmt":"2022-04-02T13:54:08","guid":{"rendered":"http:\/\/lodz2.grudnagorna.pl\/?page_id=681"},"modified":"2022-04-02T15:54:08","modified_gmt":"2022-04-02T13:54:08","slug":"rok-2017","status":"publish","type":"page","link":"https:\/\/michal.org.pl\/index.php\/rok-2017\/","title":{"rendered":"Rok 2017"},"content":{"rendered":"<div class=\"galeria\">\n<a href=\"\/index.php\/20170413-wielki-czwartek\">Wielki Czwartek<\/a><br \/>\n<a href=\"\/index.php\/20170414-wielki-piatek\">Wielki Pi\u0105tek<\/a><br \/>\n<a href=\"\/index.php\/20170415-wielka-sobota\">Wielka Sobota<\/a><br \/>\n<a href=\"\/index.php\/20170416-wielkanoc\">Wielkanoc<\/a><br \/>\n<a href=\"\/index.php\/20170511-bierzmowanie\">Bierzmowanie<\/a><br \/>\n<a href=\"\/index.php\/20170513-nabozenstwo-fatimskie\">Nabo\u017ce\u0144stwo Fatimskie<\/a><br \/>\n<a href=\"\/index.php\/20170519-pielgrzymka-beskid-sadecki\">Pielgrzymka &#8211; Beskid S\u0105decki<\/a><br \/>\n<a href=\"\/index.php\/20170524-montaz-okien\">Monta\u017c okien<\/a><br \/>\n<a href=\"\/index.php\/20170527-sprzatanie-kosciola\">Sprz\u0105tanie ko\u015bcio\u0142a<\/a><br \/>\n<a href=\"\/index.php\/20170604-25-rocznica-swiecen-ks-leszka-kaczora\">25 rocznica \u015bwi\u0119ce\u0144 kap\u0142a\u0144skich ks. Leszka Kaczora<\/a><br \/>\n<a href=\"\/index.php\/20170604-rocznica-pierwszej-komunii-sw\">Rocznica Pierwszej Komunii \u015aw.<\/a><br \/>\n<a href=\"\/index.php\/20170612-pierwsza-wylewka\">Pierwsza wylewka<\/a><br \/>\n<a href=\"\/index.php\/20170615-boze-cialo\">Bo\u017ce Cia\u0142o<\/a><br \/>\n<a href=\"\/index.php\/20170622-zakonczenie-roku-szkolnego\">Zako\u0144czenie roku szkolnego<\/a><br \/>\n<a href=\"\/index.php\/20170625-kolonie-w-barcicach\">Kolonie w Barcicach<\/a><br \/>\n<a href=\"\/index.php\/20170712-prace-na-dachu\">Prace na dachu<\/a><br \/>\n<a href=\"\/index.php\/20170714-montaz-kolejnych-okien\">Monta\u017c kolejnych okien<\/a><br \/>\n<a href=\"\/index.php\/20170823-krycie-dachu\">Krycie dachu<\/a><br \/>\n<a href=\"\/index.php\/20170905-rozpoczecie-roku-szkolnego\">Rozpocz\u0119cie roku szkolnego<\/a><br \/>\n<a href=\"\/index.php\/20170912-montaz-krzyza\">Monta\u017c krzy\u017ca<\/a><br \/>\n<a href=\"\/index.php\/20170917-festyn-parafialny\">Festyn parafialny<\/a><br \/>\n<a href=\"\/index.php\/20170924-odpust-parafialny\">Odpust parafialny<\/a><br \/>\n<a href=\"\/index.php\/20171010-docieplenie\">Docieplenie<\/a><br \/>\n<a href=\"\/index.php\/20171013-zakonczenie-nabozenstw-fatimskich\">Zako\u0144czenie Nabo\u017ce\u0144stw Fatimskich<\/a><br \/>\n<a href=\"\/index.php\/20171112-koncert-patriotyczny\">Koncert patriotyczny<\/a><br \/>\n<a href=\"\/index.php\/20171117-montaz-okien-w-budynku-parafialnym\">Monta\u017c okien w budynku parafialnym<\/a><br \/>\n<a href=\"\/index.php\/20171130-duze-okno\">Du\u017ce okno<\/a><br \/>\n<a href=\"\/index.php\/20171216-przygotowanie-do-pasterki\">Przygotowanie do pasterki<\/a><br \/>\n<a href=\"\/index.php\/20171224-pasterka\">Pasterka<\/a>\n<\/div>\n","protected":false},"excerpt":{"rendered":"<p>Wielki Czwartek Wielki Pi\u0105tek Wielka Sobota Wielkanoc Bierzmowanie Nabo\u017ce\u0144stwo Fatimskie Pielgrzymka &#8211; Beskid S\u0105decki Monta\u017c okien Sprz\u0105tanie ko\u015bcio\u0142a 25 rocznica \u015bwi\u0119ce\u0144 kap\u0142a\u0144skich ks. Leszka Kaczora Rocznica Pierwszej Komunii \u015aw. Pierwsza wylewka Bo\u017ce Cia\u0142o Zako\u0144czenie roku szkolnego Kolonie w Barcicach Prace na dachu Monta\u017c kolejnych okien Krycie dachu Rozpocz\u0119cie roku szkolnego Monta\u017c krzy\u017ca Festyn parafialny Odpust [&hellip;]<\/p>\n","protected":false},"author":1,"featured_media":0,"parent":0,"menu_order":0,"comment_status":"closed","ping_status":"closed","template":"","meta":{"footnotes":""},"class_list":["post-681","page","type-page","status-publish","hentry","post"],"_links":{"self":[{"href":"https:\/\/michal.org.pl\/index.php\/wp-json\/wp\/v2\/pages\/681","targetHints":{"allow":["GET"]}}],"collection":[{"href":"https:\/\/michal.org.pl\/index.php\/wp-json\/wp\/v2\/pages"}],"about":[{"href":"https:\/\/michal.org.pl\/index.php\/wp-json\/wp\/v2\/types\/page"}],"author":[{"embeddable":true,"href":"https:\/\/michal.org.pl\/index.php\/wp-json\/wp\/v2\/users\/1"}],"replies":[{"embeddable":true,"href":"https:\/\/michal.org.pl\/index.php\/wp-json\/wp\/v2\/comments?post=681"}],"version-history":[{"count":1,"href":"https:\/\/michal.org.pl\/index.php\/wp-json\/wp\/v2\/pages\/681\/revisions"}],"predecessor-version":[{"id":682,"href":"https:\/\/michal.org.pl\/index.php\/wp-json\/wp\/v2\/pages\/681\/revisions\/682"}],"wp:attachment":[{"href":"https:\/\/michal.org.pl\/index.php\/wp-json\/wp\/v2\/media?parent=681"}],"curies":[{"name":"wp","href":"https:\/\/api.w.org\/{rel}","templated":true}]}}